{"id":215,"date":"2019-07-07T17:34:58","date_gmt":"2019-07-07T20:34:58","guid":{"rendered":"http:\/\/resetdrogas.com.ar\/?page_id=215"},"modified":"2019-08-17T18:43:27","modified_gmt":"2019-08-17T21:43:27","slug":"objetivos","status":"publish","type":"page","link":"https:\/\/resetdrogas.com.ar\/index.php\/objetivos\/","title":{"rendered":"OBJETIVOS"},"content":{"rendered":"\t\t<div data-elementor-type=\"wp-post\" data-elementor-id=\"215\" class=\"elementor elementor-215\">\n\t\t\t\t\t\t<section class=\"elementor-section elementor-top-section elementor-element elementor-element-20ad3903 elementor-section-stretched elementor-section-boxed elementor-section-height-default elementor-section-height-default\" data-id=\"20ad3903\" data-element_type=\"section\" data-settings=\"{&quot;stretch_section&quot;:&quot;section-stretched&quot;}\">\n\t\t\t\t\t\t<div class=\"elementor-container elementor-column-gap-default\">\n\t\t\t\t\t<div class=\"elementor-column elementor-col-100 elementor-top-column elementor-element elementor-element-419dfd0a\" data-id=\"419dfd0a\" data-element_type=\"column\">\n\t\t\t<div class=\"elementor-widget-wrap elementor-element-populated\">\n\t\t\t\t\t\t<div class=\"elementor-element elementor-element-9211781 elementor-widget elementor-widget-text-editor\" data-id=\"9211781\" data-element_type=\"widget\" data-widget_type=\"text-editor.default\">\n\t\t\t\t<div class=\"elementor-widget-container\">\n\t\t\t\t\t\t\t\t\t<p><\/p>\n<h6 style=\"text-align: center;\"><span style=\"text-decoration: underline; color: #2a3f6a;\"><span style=\"font-family: Graphik, -apple-system, BlinkMacSystemFont, 'Segoe UI', Helvetica, Arial, sans-serif; font-size: 2em; font-weight: 600;\">PRESENTACI\u00d3N<\/span><\/span><\/h6>\n<p>En el a\u00f1o 2009 la Corte Suprema de Justicia de la Naci\u00f3n resolvi\u00f3 por unanimidad, en el precedente conocido como el fallo \u201cArriola\u201d, la inconstitucionalidad de la criminalizaci\u00f3n de las personas usuarias de drogas prohibidas. Para ello se bas\u00f3 en el an\u00e1lisis de la figura de \u201c<i>tenencia para consumo personal<\/i>\u201d contenida en la actual ley de estupefacientes, que en el presente 2019 cumple treinta a\u00f1os de vigencia (Ley 23.737 de 1989).<\/p>\n<p>La norma es una de las leyes m\u00e1s vetustas de la regi\u00f3n y el mundo. Su aplicaci\u00f3n ha tra\u00eddo innumerables violaciones a los derechos humanos de las personas usuarias y ha propiciado hechos de violencia institucional incompatibles con nuestra democracia. Su vigencia vulnera el derecho a la salud de quienes precisan atenci\u00f3n sanitaria ante eventuales consumos problem\u00e1ticos y no demandan asistencia ante el temor de ser criminalizados\/as.<\/p>\n<p>Asimismo produce un dispendio irracional de los recursos de fuerzas de seguridad, fiscal\u00edas y juzgados al perseguir conductas insignificantes relacionadas al consumo. Cuantiosos presupuestos destinados a causas que en la mayor\u00eda de los casos no prosperan, precisamente por la insignificancia e inconstitucionalidad de los delitos que se pretenden reprimir. Todo ello en desmedro de la seguridad urbana en general y de la persecuci\u00f3n de conductas de verdadera gravedad social relacionadas al crimen organizado, el lavado de activos y la corrupci\u00f3n institucional.<\/p>\n<p>Desde aquella declaraci\u00f3n de inconstitucionalidad de 2009, se han presentado m\u00e1s de veinticinco proyectos de ley ante el Congreso Nacional provenientes de las m\u00e1s diversas bancadas pol\u00edticas. El fin \u00faltimo de estos proyectos ha sido reformar la ley vigente, acabar con la criminalizaci\u00f3n selectiva de las personas que consumen y reasignar esos recursos a la prevenci\u00f3n\/tratamiento de las adicciones como a la persecuci\u00f3n del crimen organizado. Ninguno de ellos prosper\u00f3.\u00a0<\/p>\n<p>Decenas de organismos internacionales recomiendan un abordaje no punitivo para con las personas consumidoras y tambi\u00e9n respecto de los delitos de menor cuant\u00eda -como es el caso de la venta minorista de sustancias o de la modalidad de tr\u00e1fico realizada por las mal llamadas \u201cmulas\u201d-. Sobre estos \u00faltimos se afirma la conveniencia de establecer medidas alternativas a la prisi\u00f3n. Asimismo, han proclamado la necesidad de abolir los tratamientos compulsivos, en beneficio de los abordajes relacionados con la gesti\u00f3n de riesgos y reducci\u00f3n de da\u00f1os de la poblaci\u00f3n usuaria de drogas. Nuestro pa\u00eds desoy\u00f3 buena parte de las recomendaciones, al priorizar una mirada b\u00e9lica, represiva y abstencionista que fracas\u00f3 en cada lugar en la que fue implementada durante d\u00e9cadas de prohibici\u00f3n.<\/p>\n<p>Por otra parte, es alarmante la afectaci\u00f3n diferenciada que el impacto en la aplicaci\u00f3n de estas medidas produce en mujeres e identidades disidentes; especialmente en lo que refiere a los \u00edndices de criminalizaci\u00f3n, prisionizaci\u00f3n y niveles de estigmatizaci\u00f3n. Estas personas suelen ser utilizadas por las redes criminales para desarrollar las tareas menos redituables, m\u00e1s riesgosas y de mayor exposici\u00f3n ante el sistema punitivo, al aprovecharse de una mayor vulnerabilidad socioecon\u00f3mica en un contexto de feminizaci\u00f3n de la pobreza en alza. En el caso de las personas detenidas que son madres, el aislamiento se vuelve m\u00e1s grave tanto para ellas como para sus hijos e hijas. La destrucci\u00f3n del v\u00ednculo materno-filial constituye una pena a\u00f1adida a la condena, que adem\u00e1s les trasciende. En caso de ser personas de origen extranjero, tales circunstancias se agravan por tratarse de los eslabones m\u00e1s d\u00e9biles, fungibles y desechables del mercado ilegal.<\/p>\n<p>Miles de personas aguardan acceder legalmente a sustancias con fines terap\u00e9uticos\/medicinales, entre ellas el cannabis. La ley 27.350 ha ignorado la principal demanda de esta poblaci\u00f3n: el acceso democr\u00e1tico a la sustancia, incluyendo el autocultivo. Conducta que hoy en d\u00eda se encuentra penalizada con sanciones absolutamente desproporcionadas e inhumanas (4 a 15 a\u00f1os de prisi\u00f3n), comparables, por ejemplo, con el delito de violaci\u00f3n. Tanto a nivel nacional como provincial, no se ha avanzado en materia de regulaciones que brinden cierta tranquilidad y protecci\u00f3n a las personas que acceden a la sustancia en su estado vegetal. Asimismo, el programa de investigaci\u00f3n establecido en aquella norma se encuentra claramente desvirtuado, desfinanciado y paralizado. \u201c<i>El dolor no puede esperar<\/i>\u201d es una demanda que urge internalizar. El acceso a los usos medicinales, terap\u00e9uticos y paliativos de las sustancias actualmente prohibidas, debe ser materia impostergable de las pol\u00edticas p\u00fablicas.\u00a0\u00a0\u00a0\u00a0\u00a0<\/p>\n<p>Todo ello, en palabras de un ex Secretario General de la OEA, \u201c<i>significa interrogarse hasta qu\u00e9 punto las pol\u00edticas vigentes hasta ahora, bajo el paradigma de la penalizaci\u00f3n y criminalizaci\u00f3n, reducen m\u00e1s da\u00f1os de los que precipitan<\/i>\u201d (Insulza, 2013). Ante este escenario, un grupo amplio de pa\u00edses y estados han comenzado hace tiempo a replantear sus pol\u00edticas de drogas, avanzando en la despenalizaci\u00f3n de delitos de consumo, alternativas a la prisi\u00f3n de delitos menores no violentos, regulaci\u00f3n controlada de sustancias, gesti\u00f3n de riesgos y reducci\u00f3n de da\u00f1os, campa\u00f1as de prevenci\u00f3n y tratamientos humanitarios basados en la evidencia cient\u00edfica, amnist\u00edas e indultos de personas injusta e innecesariamente prisionizadas, democratizaci\u00f3n en el acceso a sustancias con fines terap\u00e9uticos, entre otras medidas que se advierten como m\u00e1s humanas y eficaces para abordar el fen\u00f3meno creciente de consumo de sustancias prohibidas.<\/p>\n<p>Es por ello que en este contexto en el que se cumplen diez a\u00f1os de una sentencia deso\u00edda y treinta a\u00f1os de una ley anacr\u00f3nica en nuestro pa\u00eds, un grupo de voluntades complementarias conformamos RESET, como organizaci\u00f3n interdisciplinaria e intergeneracional, aportando humildemente nuestro compromiso y militancia en la construcci\u00f3n de una pol\u00edtica de drogas eficaz, sensata, humanitaria y respetuosa de los derechos humanos.<\/p>\n<p>Nos vemos en esa lucha, como en tantas otras.\u00a0<\/p>\n<div>\u00a0<\/div>\n<div>\n<h6 style=\"text-align: center;\"><span style=\"text-decoration-line: underline; color: #2a3f6a;\"><span style=\"font-size: 2em;\">OBJETIVOS<\/span><\/span><\/h6>\n<p>Desde RESET &#8211; Pol\u00edtica de Drogas y Derechos Humanos nos propusimos los siguientes objetivos para llevar a cabo nuestro trabajo:<\/p>\n<ul>\n<li>Aportar a la construcci\u00f3n de una pol\u00edtica de drogas eficaz, sensata, humanitaria y respetuosa de los derechos humanos<\/li>\n<li>Desarrollar investigaciones y proyectos relacionados a pol\u00edtica de drogas y derechos humanos\u00a0 \u00a0\u00a0<\/li>\n<\/ul>\n<ul>\n<li>Intervenir y peticionar ante los organismos competentes tanto nacionales, provinciales, municipales y de la Ciudad Aut\u00f3noma de Buenos Aires en lo referido a pol\u00edticas y proyectos de legislaci\u00f3n sobre drogas, tem\u00e1ticas afines o conexas<\/li>\n<li>Litigar en defensa y protecci\u00f3n de los intereses de las personas usuarias de sustancias legales o prohibidas, velando por la privacidad, libertad, salud y autodeterminaci\u00f3n de las mismas<\/li>\n<li>Colaborar con la labor judicial, ofreciendo observaciones en torno a las alternativas de intervenci\u00f3n, que implican el litigio estructural frente a pol\u00edticas p\u00fablicas cuya implementaci\u00f3n afecta la vigencia plena de los derechos humanos<\/li>\n<li>Crear estructuras acad\u00e9micas de formaci\u00f3n en pol\u00edtica de drogas tanto en el Sistema Universitario Argentino como en el plano regional e internacional, desde un punto de vista interdisciplinario, cr\u00edtico, de g\u00e9nero y de derechos humanos<\/li>\n<li>Instar a las autoridades p\u00fablicas a dise\u00f1ar y realizar estrategias de prevenci\u00f3n y tratamiento de personas que usan sustancias, fundadas en evidencia y basamento cient\u00edfico<\/li>\n<li>Dise\u00f1ar, elaborar y realizar actividades direccionadas a la prevenci\u00f3n y tratamiento de las personas que consumen sustancias legales o prohibidas<\/li>\n<\/ul>\n<\/div>\n<p><\/p>\t\t\t\t\t\t\t\t<\/div>\n\t\t\t\t<\/div>\n\t\t\t\t\t<\/div>\n\t\t<\/div>\n\t\t\t\t\t<\/div>\n\t\t<\/section>\n\t\t\t\t<\/div>\n\t\t","protected":false},"excerpt":{"rendered":"<p>PRESENTACI\u00d3N En el a\u00f1o 2009 la Corte Suprema de Justicia de la Naci\u00f3n resolvi\u00f3 por unanimidad, en el precedente conocido como el fallo \u201cArriola\u201d, la inconstitucionalidad de la criminalizaci\u00f3n de las personas usuarias de drogas prohibidas. Para ello se bas\u00f3 en el an\u00e1lisis de la figura de \u201ctenencia para consumo personal\u201d contenida en la actual&hellip;&nbsp;<a href=\"https:\/\/resetdrogas.com.ar\/index.php\/objetivos\/\" rel=\"bookmark\">Leer m\u00e1s &raquo;<span class=\"screen-reader-text\">OBJETIVOS<\/span><\/a><\/p>\n","protected":false},"author":1,"featured_media":0,"parent":0,"menu_order":0,"comment_status":"closed","ping_status":"closed","template":"","meta":{"neve_meta_sidebar":"","neve_meta_container":"","neve_meta_enable_content_width":"","neve_meta_content_width":70,"neve_meta_title_alignment":"","neve_meta_author_avatar":"","neve_post_elements_order":"","neve_meta_disable_header":"","neve_meta_disable_footer":"","neve_meta_disable_title":"on","footnotes":""},"class_list":["post-215","page","type-page","status-publish","hentry"],"yoast_head":"<!-- This site is optimized with the Yoast SEO plugin v26.1.1 - https:\/\/yoast.com\/wordpress\/plugins\/seo\/ -->\n<title>OBJETIVOS - RESET - Pol\u00edtica de Drogas y Derechos Humanos<\/title>\n<meta name=\"robots\" content=\"index, follow, max-snippet:-1, max-image-preview:large, max-video-preview:-1\" \/>\n<link rel=\"canonical\" href=\"https:\/\/resetdrogas.com.ar\/index.php\/objetivos\/\" \/>\n<meta property=\"og:locale\" content=\"es_ES\" \/>\n<meta property=\"og:type\" content=\"article\" \/>\n<meta property=\"og:title\" content=\"OBJETIVOS - RESET - Pol\u00edtica de Drogas y Derechos Humanos\" \/>\n<meta property=\"og:description\" content=\"PRESENTACI\u00d3N En el a\u00f1o 2009 la Corte Suprema de Justicia de la Naci\u00f3n resolvi\u00f3 por unanimidad, en el precedente conocido como el fallo \u201cArriola\u201d, la inconstitucionalidad de la criminalizaci\u00f3n de las personas usuarias de drogas prohibidas. Para ello se bas\u00f3 en el an\u00e1lisis de la figura de \u201ctenencia para consumo personal\u201d contenida en la actual&hellip;&nbsp;Leer m\u00e1s &raquo;OBJETIVOS\" \/>\n<meta property=\"og:url\" content=\"https:\/\/resetdrogas.com.ar\/index.php\/objetivos\/\" \/>\n<meta property=\"og:site_name\" content=\"RESET - Pol\u00edtica de Drogas y Derechos Humanos\" \/>\n<meta property=\"article:publisher\" content=\"https:\/\/www.facebook.com\/resetdrogas\/\" \/>\n<meta property=\"article:modified_time\" content=\"2019-08-17T21:43:27+00:00\" \/>\n<meta property=\"og:image\" content=\"https:\/\/resetdrogas.com.ar\/wp-content\/uploads\/2019\/08\/preview.jpg\" \/>\n\t<meta property=\"og:image:width\" content=\"2900\" \/>\n\t<meta property=\"og:image:height\" content=\"2500\" \/>\n\t<meta property=\"og:image:type\" content=\"image\/jpeg\" \/>\n<meta name=\"twitter:card\" content=\"summary_large_image\" \/>\n<meta name=\"twitter:site\" content=\"@resetdrogas\" \/>\n<meta name=\"twitter:label1\" content=\"Tiempo de lectura\" \/>\n\t<meta name=\"twitter:data1\" content=\"6 minutos\" \/>\n<script type=\"application\/ld+json\" class=\"yoast-schema-graph\">{\"@context\":\"https:\/\/schema.org\",\"@graph\":[{\"@type\":\"WebPage\",\"@id\":\"https:\/\/resetdrogas.com.ar\/index.php\/objetivos\/\",\"url\":\"https:\/\/resetdrogas.com.ar\/index.php\/objetivos\/\",\"name\":\"OBJETIVOS - RESET - Pol\u00edtica de Drogas y Derechos Humanos\",\"isPartOf\":{\"@id\":\"https:\/\/resetdrogas.com.ar\/#website\"},\"datePublished\":\"2019-07-07T20:34:58+00:00\",\"dateModified\":\"2019-08-17T21:43:27+00:00\",\"breadcrumb\":{\"@id\":\"https:\/\/resetdrogas.com.ar\/index.php\/objetivos\/#breadcrumb\"},\"inLanguage\":\"es-AR\",\"potentialAction\":[{\"@type\":\"ReadAction\",\"target\":[\"https:\/\/resetdrogas.com.ar\/index.php\/objetivos\/\"]}]},{\"@type\":\"BreadcrumbList\",\"@id\":\"https:\/\/resetdrogas.com.ar\/index.php\/objetivos\/#breadcrumb\",\"itemListElement\":[{\"@type\":\"ListItem\",\"position\":1,\"name\":\"Inicio\",\"item\":\"https:\/\/resetdrogas.com.ar\/\"},{\"@type\":\"ListItem\",\"position\":2,\"name\":\"OBJETIVOS\"}]},{\"@type\":\"WebSite\",\"@id\":\"https:\/\/resetdrogas.com.ar\/#website\",\"url\":\"https:\/\/resetdrogas.com.ar\/\",\"name\":\"RESET - Pol\u00edtica de Drogas y Derechos Humanos\",\"description\":\"ONG de Argentina dedicada a las pol\u00edticas de drogas respetuosas de los derechos humanos.\",\"publisher\":{\"@id\":\"https:\/\/resetdrogas.com.ar\/#organization\"},\"potentialAction\":[{\"@type\":\"SearchAction\",\"target\":{\"@type\":\"EntryPoint\",\"urlTemplate\":\"https:\/\/resetdrogas.com.ar\/?s={search_term_string}\"},\"query-input\":{\"@type\":\"PropertyValueSpecification\",\"valueRequired\":true,\"valueName\":\"search_term_string\"}}],\"inLanguage\":\"es-AR\"},{\"@type\":\"Organization\",\"@id\":\"https:\/\/resetdrogas.com.ar\/#organization\",\"name\":\"RESET - Pol\u00edtica de Drogas y Derechos Humanos\",\"url\":\"https:\/\/resetdrogas.com.ar\/\",\"logo\":{\"@type\":\"ImageObject\",\"inLanguage\":\"es-AR\",\"@id\":\"https:\/\/resetdrogas.com.ar\/#\/schema\/logo\/image\/\",\"url\":\"https:\/\/resetdrogas.com.ar\/wp-content\/uploads\/2019\/07\/cropped-VERSION-FINAL-EN-ESPA\u00d1OL-1.png\",\"contentUrl\":\"https:\/\/resetdrogas.com.ar\/wp-content\/uploads\/2019\/07\/cropped-VERSION-FINAL-EN-ESPA\u00d1OL-1.png\",\"width\":3000,\"height\":1033,\"caption\":\"RESET - Pol\u00edtica de Drogas y Derechos Humanos\"},\"image\":{\"@id\":\"https:\/\/resetdrogas.com.ar\/#\/schema\/logo\/image\/\"},\"sameAs\":[\"https:\/\/www.facebook.com\/resetdrogas\/\",\"https:\/\/x.com\/resetdrogas\",\"https:\/\/www.instagram.com\/resetdrogas\/\",\"https:\/\/www.youtube.com\/channel\/UC5jrDolttVvxNJtewHOtl_w\"]}]}<\/script>\n<!-- \/ Yoast SEO plugin. -->","yoast_head_json":{"title":"OBJETIVOS - RESET - Pol\u00edtica de Drogas y Derechos Humanos","robots":{"index":"index","follow":"follow","max-snippet":"max-snippet:-1","max-image-preview":"max-image-preview:large","max-video-preview":"max-video-preview:-1"},"canonical":"https:\/\/resetdrogas.com.ar\/index.php\/objetivos\/","og_locale":"es_ES","og_type":"article","og_title":"OBJETIVOS - RESET - Pol\u00edtica de Drogas y Derechos Humanos","og_description":"PRESENTACI\u00d3N En el a\u00f1o 2009 la Corte Suprema de Justicia de la Naci\u00f3n resolvi\u00f3 por unanimidad, en el precedente conocido como el fallo \u201cArriola\u201d, la inconstitucionalidad de la criminalizaci\u00f3n de las personas usuarias de drogas prohibidas. Para ello se bas\u00f3 en el an\u00e1lisis de la figura de \u201ctenencia para consumo personal\u201d contenida en la actual&hellip;&nbsp;Leer m\u00e1s &raquo;OBJETIVOS","og_url":"https:\/\/resetdrogas.com.ar\/index.php\/objetivos\/","og_site_name":"RESET - Pol\u00edtica de Drogas y Derechos Humanos","article_publisher":"https:\/\/www.facebook.com\/resetdrogas\/","article_modified_time":"2019-08-17T21:43:27+00:00","og_image":[{"width":2900,"height":2500,"url":"https:\/\/resetdrogas.com.ar\/wp-content\/uploads\/2019\/08\/preview.jpg","type":"image\/jpeg"}],"twitter_card":"summary_large_image","twitter_site":"@resetdrogas","twitter_misc":{"Tiempo de lectura":"6 minutos"},"schema":{"@context":"https:\/\/schema.org","@graph":[{"@type":"WebPage","@id":"https:\/\/resetdrogas.com.ar\/index.php\/objetivos\/","url":"https:\/\/resetdrogas.com.ar\/index.php\/objetivos\/","name":"OBJETIVOS - RESET - Pol\u00edtica de Drogas y Derechos Humanos","isPartOf":{"@id":"https:\/\/resetdrogas.com.ar\/#website"},"datePublished":"2019-07-07T20:34:58+00:00","dateModified":"2019-08-17T21:43:27+00:00","breadcrumb":{"@id":"https:\/\/resetdrogas.com.ar\/index.php\/objetivos\/#breadcrumb"},"inLanguage":"es-AR","potentialAction":[{"@type":"ReadAction","target":["https:\/\/resetdrogas.com.ar\/index.php\/objetivos\/"]}]},{"@type":"BreadcrumbList","@id":"https:\/\/resetdrogas.com.ar\/index.php\/objetivos\/#breadcrumb","itemListElement":[{"@type":"ListItem","position":1,"name":"Inicio","item":"https:\/\/resetdrogas.com.ar\/"},{"@type":"ListItem","position":2,"name":"OBJETIVOS"}]},{"@type":"WebSite","@id":"https:\/\/resetdrogas.com.ar\/#website","url":"https:\/\/resetdrogas.com.ar\/","name":"RESET - Pol\u00edtica de Drogas y Derechos Humanos","description":"ONG de Argentina dedicada a las pol\u00edticas de drogas respetuosas de los derechos humanos.","publisher":{"@id":"https:\/\/resetdrogas.com.ar\/#organization"},"potentialAction":[{"@type":"SearchAction","target":{"@type":"EntryPoint","urlTemplate":"https:\/\/resetdrogas.com.ar\/?s={search_term_string}"},"query-input":{"@type":"PropertyValueSpecification","valueRequired":true,"valueName":"search_term_string"}}],"inLanguage":"es-AR"},{"@type":"Organization","@id":"https:\/\/resetdrogas.com.ar\/#organization","name":"RESET - Pol\u00edtica de Drogas y Derechos Humanos","url":"https:\/\/resetdrogas.com.ar\/","logo":{"@type":"ImageObject","inLanguage":"es-AR","@id":"https:\/\/resetdrogas.com.ar\/#\/schema\/logo\/image\/","url":"https:\/\/resetdrogas.com.ar\/wp-content\/uploads\/2019\/07\/cropped-VERSION-FINAL-EN-ESPA\u00d1OL-1.png","contentUrl":"https:\/\/resetdrogas.com.ar\/wp-content\/uploads\/2019\/07\/cropped-VERSION-FINAL-EN-ESPA\u00d1OL-1.png","width":3000,"height":1033,"caption":"RESET - Pol\u00edtica de Drogas y Derechos Humanos"},"image":{"@id":"https:\/\/resetdrogas.com.ar\/#\/schema\/logo\/image\/"},"sameAs":["https:\/\/www.facebook.com\/resetdrogas\/","https:\/\/x.com\/resetdrogas","https:\/\/www.instagram.com\/resetdrogas\/","https:\/\/www.youtube.com\/channel\/UC5jrDolttVvxNJtewHOtl_w"]}]}},"_links":{"self":[{"href":"https:\/\/resetdrogas.com.ar\/index.php\/wp-json\/wp\/v2\/pages\/215","targetHints":{"allow":["GET"]}}],"collection":[{"href":"https:\/\/resetdrogas.com.ar\/index.php\/wp-json\/wp\/v2\/pages"}],"about":[{"href":"https:\/\/resetdrogas.com.ar\/index.php\/wp-json\/wp\/v2\/types\/page"}],"author":[{"embeddable":true,"href":"https:\/\/resetdrogas.com.ar\/index.php\/wp-json\/wp\/v2\/users\/1"}],"replies":[{"embeddable":true,"href":"https:\/\/resetdrogas.com.ar\/index.php\/wp-json\/wp\/v2\/comments?post=215"}],"version-history":[{"count":19,"href":"https:\/\/resetdrogas.com.ar\/index.php\/wp-json\/wp\/v2\/pages\/215\/revisions"}],"predecessor-version":[{"id":419,"href":"https:\/\/resetdrogas.com.ar\/index.php\/wp-json\/wp\/v2\/pages\/215\/revisions\/419"}],"wp:attachment":[{"href":"https:\/\/resetdrogas.com.ar\/index.php\/wp-json\/wp\/v2\/media?parent=215"}],"curies":[{"name":"wp","href":"https:\/\/api.w.org\/{rel}","templated":true}]}}